{"id":9,"date":"2024-10-22T12:14:12","date_gmt":"2024-10-22T17:14:12","guid":{"rendered":"https:\/\/reservas.ssbyb.com\/?page_id=9"},"modified":"2024-10-22T15:23:25","modified_gmt":"2024-10-22T20:23:25","slug":"reservas","status":"publish","type":"page","link":"https:\/\/reservas.ssbyb.com\/","title":{"rendered":"Reservas"},"content":{"rendered":"\t\t<div data-elementor-type=\"wp-page\" data-elementor-id=\"9\" class=\"elementor elementor-9\">\n\t\t\t\t<div class=\"elementor-element elementor-element-b18d6b1 e-flex e-con-boxed e-con e-parent\" data-id=\"b18d6b1\" data-element_type=\"container\" data-e-type=\"container\" data-settings=\"{&quot;background_background&quot;:&quot;classic&quot;}\">\n\t\t\t\t\t<div class=\"e-con-inner\">\n\t\t<div class=\"elementor-element elementor-element-23510b1 e-con-full e-grid e-con e-child\" data-id=\"23510b1\" data-element_type=\"container\" data-e-type=\"container\">\n\t\t\t\t<div class=\"elementor-element elementor-element-4ecd158 elementor-widget elementor-widget-image\" data-id=\"4ecd158\" data-element_type=\"widget\" data-e-type=\"widget\" data-widget_type=\"image.default\">\n\t\t\t\t<div class=\"elementor-widget-container\">\n\t\t\t\t\t\t\t\t\t\t\t\t\t\t\t<img fetchpriority=\"high\" decoding=\"async\" width=\"882\" height=\"275\" src=\"https:\/\/reservas.ssbyb.com\/wp-content\/uploads\/2024\/10\/tt-reservas.webp\" class=\"attachment-full size-full wp-image-28\" alt=\"\" srcset=\"https:\/\/reservas.ssbyb.com\/wp-content\/uploads\/2024\/10\/tt-reservas.webp 882w, https:\/\/reservas.ssbyb.com\/wp-content\/uploads\/2024\/10\/tt-reservas-600x187.webp 600w, https:\/\/reservas.ssbyb.com\/wp-content\/uploads\/2024\/10\/tt-reservas-300x94.webp 300w, https:\/\/reservas.ssbyb.com\/wp-content\/uploads\/2024\/10\/tt-reservas-768x239.webp 768w\" sizes=\"(max-width: 882px) 100vw, 882px\" \/>\t\t\t\t\t\t\t\t\t\t\t\t\t\t\t<\/div>\n\t\t\t\t<\/div>\n\t\t\t\t<div class=\"elementor-element elementor-element-2803161 elementor-widget elementor-widget-image\" data-id=\"2803161\" data-element_type=\"widget\" data-e-type=\"widget\" data-widget_type=\"image.default\">\n\t\t\t\t<div class=\"elementor-widget-container\">\n\t\t\t\t\t\t\t\t\t\t\t\t\t\t\t<img decoding=\"async\" width=\"1134\" height=\"696\" src=\"https:\/\/reservas.ssbyb.com\/wp-content\/uploads\/2024\/10\/Recurso-2-4.png\" class=\"attachment-full size-full wp-image-11\" alt=\"\" srcset=\"https:\/\/reservas.ssbyb.com\/wp-content\/uploads\/2024\/10\/Recurso-2-4.png 1134w, https:\/\/reservas.ssbyb.com\/wp-content\/uploads\/2024\/10\/Recurso-2-4-600x368.png 600w, https:\/\/reservas.ssbyb.com\/wp-content\/uploads\/2024\/10\/Recurso-2-4-300x184.png 300w, https:\/\/reservas.ssbyb.com\/wp-content\/uploads\/2024\/10\/Recurso-2-4-1024x628.png 1024w, https:\/\/reservas.ssbyb.com\/wp-content\/uploads\/2024\/10\/Recurso-2-4-768x471.png 768w\" sizes=\"(max-width: 1134px) 100vw, 1134px\" \/>\t\t\t\t\t\t\t\t\t\t\t\t\t\t\t<\/div>\n\t\t\t\t<\/div>\n\t\t\t\t<\/div>\n\t\t\t\t<div class=\"elementor-element elementor-element-2cf2590 elementor-widget elementor-widget-text-editor\" data-id=\"2cf2590\" data-element_type=\"widget\" data-e-type=\"widget\" data-widget_type=\"text-editor.default\">\n\t\t\t\t<div class=\"elementor-widget-container\">\n\t\t\t\t\t\t\t\t\t<p>Si est\u00e1s aqu\u00ed es porque est\u00e1s listo para disfrutar de Una nueva forma de divertirse en Sincelejo Sports Bar &amp; Bowling. Para jugar en nuestras pistas, debes hacer tu reserva a trav\u00e9s de nuestro portal. \u00a1Bienvenido!<\/p>\t\t\t\t\t\t\t\t<\/div>\n\t\t\t\t<\/div>\n\t\t\t\t<div class=\"elementor-element elementor-element-04a52c8 elementor-widget elementor-widget-booknetic\" data-id=\"04a52c8\" data-element_type=\"widget\" data-e-type=\"widget\" data-widget_type=\"booknetic.default\">\n\t\t\t\t<div class=\"elementor-widget-container\">\n\t\t\t\t\t<div id=\"bookneticElementorContainer\"><link rel=\"stylesheet\" href=\"\/\/reservas.ssbyb.com\/wp-content\/uploads\/booknetic\/appearance\/theme_1.css\"><link rel=\"stylesheet\" href=\"https:\/\/fonts.googleapis.com\/css2?family=Poppins:ital,wght@0,100;0,200;0,300;0,400;0,500;0,600;0,700;0,800;0,900;1,100;1,200;1,300;1,400;1,500;1,600;1,700;1,800;1,900&display=swap\">\n<div class=\"booknetic_appointment\" id=\"booknetic_theme_1\" data-info=\"f1939de0a05c72bf3647ab32c7fae5bc32dd85891c54a281ae1065b518f08a0b:W10=\" data-steps=\"[{&quot;id&quot;:&quot;location&quot;,&quot;order_number&quot;:1,&quot;value&quot;:-1,&quot;hidden&quot;:true,&quot;loader&quot;:&quot;card1&quot;,&quot;title&quot;:&quot;Location&quot;,&quot;head_title&quot;:&quot;Select location&quot;},{&quot;id&quot;:&quot;staff&quot;,&quot;order_number&quot;:11,&quot;value&quot;:-1,&quot;hidden&quot;:true,&quot;loader&quot;:&quot;card1&quot;,&quot;title&quot;:&quot;Staff&quot;,&quot;head_title&quot;:&quot;Select staff&quot;},{&quot;id&quot;:&quot;service&quot;,&quot;order_number&quot;:21,&quot;value&quot;:&quot;&quot;,&quot;hidden&quot;:false,&quot;loader&quot;:&quot;card2&quot;,&quot;title&quot;:&quot;Service&quot;,&quot;head_title&quot;:&quot;Select service&quot;,&quot;attrs&quot;:&quot; data-service-category=\\&quot;\\&quot;&quot;},{&quot;id&quot;:&quot;service_extras&quot;,&quot;order_number&quot;:31,&quot;value&quot;:&quot;&quot;,&quot;hidden&quot;:false,&quot;loader&quot;:&quot;card2&quot;,&quot;title&quot;:&quot;Service Extras&quot;,&quot;head_title&quot;:&quot;Select service extras&quot;},{&quot;id&quot;:&quot;date_time&quot;,&quot;order_number&quot;:41,&quot;value&quot;:&quot;&quot;,&quot;hidden&quot;:false,&quot;loader&quot;:&quot;card3&quot;,&quot;title&quot;:&quot;Date &amp;amp; Time&quot;,&quot;head_title&quot;:&quot;Select Date &amp;amp; Time&quot;},{&quot;id&quot;:&quot;recurring_info&quot;,&quot;order_number&quot;:51,&quot;value&quot;:&quot;&quot;,&quot;hidden&quot;:true,&quot;loader&quot;:&quot;card3&quot;,&quot;title&quot;:&quot;Recurring info&quot;,&quot;head_title&quot;:&quot;Recurring info&quot;},{&quot;id&quot;:&quot;information&quot;,&quot;order_number&quot;:61,&quot;value&quot;:&quot;&quot;,&quot;hidden&quot;:false,&quot;loader&quot;:&quot;card3&quot;,&quot;title&quot;:&quot;Information&quot;,&quot;head_title&quot;:&quot;Fill information&quot;},{&quot;id&quot;:&quot;cart&quot;,&quot;order_number&quot;:71,&quot;value&quot;:&quot;&quot;,&quot;hidden&quot;:false,&quot;loader&quot;:&quot;card3&quot;,&quot;title&quot;:&quot;Cart&quot;,&quot;head_title&quot;:&quot;Add to cart&quot;},{&quot;id&quot;:&quot;confirm_details&quot;,&quot;order_number&quot;:81,&quot;value&quot;:&quot;&quot;,&quot;hidden&quot;:false,&quot;loader&quot;:&quot;card3&quot;,&quot;title&quot;:&quot;Confirmation&quot;,&quot;head_title&quot;:&quot;Confirm Details&quot;}]\">\n\t<div class=\"booknetic_appointment_steps \">\n\t\t\t\t<div class=\"booknetic_appointment_steps_body nice-scrollbar-primary\"><\/div>\n        <div class=\"booknetic_appointment_steps_footer\">\n            <div class=\"booknetic_appointment_steps_footer_txt1\">Have any questions?<\/div>\n            <div class=\"booknetic_appointment_steps_footer_txt2\">3007896588<\/div>\n        <\/div>\n    <\/div>\n    <div class=\"booknetic_appointment_container\">\n\n        <div class=\"booknetic_appointment_container_header\">\n            <div class=\"booknetic_appointment_container_header_text\"><\/div>\n                        <div class=\"booknetic_appointment_container_header_cart booknetic_hidden\">\n                <div class=\"booknetic-appointment-container-cart-btn \">\n                    <img decoding=\"async\" src=\"https:\/\/reservas.ssbyb.com\/wp-content\/plugins\/booknetic\/app\/Frontend\/assets\/icons\/cart.svg\" alt=\"\">\n                    <span>0<\/span>\n                <\/div>\n            <\/div>\n                    <\/div>\n        <div class=\"booknetic_appointment_container_body\">\n\n            <div class=\"booknetic_preloader_card1_box booknetic_hidden\">\n                <div class=\"booknetic_preloader_card1\">\n                    <div class=\"booknetic_preloader_card1_image\"><\/div>\n                    <div class=\"booknetic_preloader_card1_description\"><\/div>\n                <\/div>\n\n                <div class=\"booknetic_preloader_card1\">\n                    <div class=\"booknetic_preloader_card1_image\"><\/div>\n                    <div class=\"booknetic_preloader_card1_description\"><\/div>\n                <\/div>\n\n                <div class=\"booknetic_preloader_card1\">\n                    <div class=\"booknetic_preloader_card1_image\"><\/div>\n                    <div class=\"booknetic_preloader_card1_description\"><\/div>\n                <\/div>\n            <\/div>\n\n            <div class=\"booknetic_preloader_card2_box booknetic_hidden\">\n                <div class=\"booknetic_preloader_card2\">\n                    <div class=\"booknetic_preloader_card2_image\"><\/div>\n                    <div class=\"booknetic_preloader_card2_description\"><\/div>\n                <\/div>\n\n                <div class=\"booknetic_preloader_card2\">\n                    <div class=\"booknetic_preloader_card2_image\"><\/div>\n                    <div class=\"booknetic_preloader_card2_description\"><\/div>\n                <\/div>\n\n                <div class=\"booknetic_preloader_card2\">\n                    <div class=\"booknetic_preloader_card2_image\"><\/div>\n                    <div class=\"booknetic_preloader_card2_description\"><\/div>\n                <\/div>\n            <\/div>\n\n            <div class=\"booknetic_preloader_card3_box booknetic_hidden\">\n                <div class=\"booknetic_preloader_card3\"><\/div>\n                <div class=\"booknetic_preloader_card3\"><\/div>\n                <div class=\"booknetic_preloader_card3\"><\/div>\n                <div class=\"booknetic_preloader_card3\"><\/div>\n            <\/div>\n\n            <div class=\"booknetic_need_copy\" >\n                <div data-step-id=\"location\" class=\"booknetic_hidden\"><\/div>\n                <div data-step-id=\"staff\" class=\"booknetic_hidden\"><\/div>\n                <div data-step-id=\"service\" class=\"booknetic_hidden\"><\/div>\n                <div data-step-id=\"service_extras\" class=\"booknetic_hidden\"><\/div>\n                <div data-step-id=\"date_time\" class=\"booknetic_hidden\"><\/div>\n                <div data-step-id=\"recurring_info\" class=\"booknetic_hidden\"><\/div>\n                <div data-step-id=\"information\" class=\"booknetic_hidden\"><\/div>\n            <\/div>\n\n            <div data-step-id=\"cart\" class=\"booknetic_hidden\"><\/div>\n            <div data-step-id=\"confirm_details\" class=\"booknetic_hidden\"><\/div>\n\n            <div class=\"booknetic_appointment_finished_with_error booknetic_hidden\">\n                <img decoding=\"async\" src=\"https:\/\/reservas.ssbyb.com\/wp-content\/plugins\/booknetic\/app\/Frontend\/assets\/images\/payment-error.svg\">\n                <div>We aren\u2019t able to process your payment. Please, try again.<\/div>\n            <\/div>\n\n        <\/div>\n        <div class=\"booknetic_appointment_container_footer\">\n            <button type=\"button\" class=\"booknetic_btn_secondary booknetic_prev_step\">BACK<\/button>\n            <div class=\"booknetic_warning_message\"><\/div>\n            <button type=\"button\" class=\"booknetic_btn_primary booknetic_next_step booknetic_next_step_btn\">NEXT STEP<\/button>\n            <button type=\"button\" class=\"booknetic_btn_primary booknetic_next_step booknetic_confirm_booking_btn\">CONFIRM BOOKING<\/button>\n            <button type=\"button\" class=\"booknetic_btn_primary booknetic_hidden booknetic_try_again_btn\">TRY AGAIN<\/button>\n        <\/div>\n\n        \n    <\/div>\n    <div class=\"booknetic_appointment_finished\">\n        <div class=\"booknetic_appointment_finished_icon\"><img decoding=\"async\" src=\"https:\/\/reservas.ssbyb.com\/wp-content\/plugins\/booknetic\/app\/Frontend\/assets\/icons\/status-ok.svg\"><\/div>\n        <div class=\"booknetic_appointment_finished_title\">Thank you for your request!<\/div>\n        <div class=\"booknetic_appointment_finished_subtitle\">Your confirmation number:<\/div>\n        <div class=\"booknetic_appointment_finished_code\"><\/div>\n        <div class=\"booknetic_appointment_finished_actions\">\n            <button type=\"button\" id=\"booknetic_add_to_google_calendar_btn\" class=\"booknetic_btn_secondary\"><img decoding=\"async\" src=\"https:\/\/reservas.ssbyb.com\/wp-content\/plugins\/booknetic\/app\/Frontend\/assets\/icons\/calendar.svg\"> ADD TO GOOGLE CALENDAR<\/button>\n            <a id=\"booknetic_add_to_icalendar_btn\" download=\"event.ics\" class=\"booknetic_btn_secondary\"><img decoding=\"async\" src=\"https:\/\/reservas.ssbyb.com\/wp-content\/plugins\/booknetic\/app\/Frontend\/assets\/icons\/calendar.svg\"> ADD TO iCAL CALENDAR<\/a>\n            <button type=\"button\" id=\"booknetic_start_new_booking_btn\" class=\"booknetic_btn_secondary\"><img decoding=\"async\" src=\"https:\/\/reservas.ssbyb.com\/wp-content\/plugins\/booknetic\/app\/Frontend\/assets\/icons\/plus.svg\"> START NEW BOOKING<\/button>\n            <button type=\"button\" id=\"booknetic_finish_btn\" class=\"booknetic_btn_secondary\" data-redirect-url=\"\"><img decoding=\"async\" src=\"https:\/\/reservas.ssbyb.com\/wp-content\/plugins\/booknetic\/app\/Frontend\/assets\/icons\/check-small.svg\"> FINISH BOOKING<\/button>\n        <\/div>\n    <\/div>\n\n    <div id=\"booknetic_progress\" class=\"booknetic_progress_waiting booknetic_progress_done\"><dt><\/dt><dd><\/dd><\/div>\n<\/div>\n\n<script type=\"application\/javascript\">\n    (function ()\n    {\n        let initBookingPanel = function ()\n        {\n            if( typeof window.bookneticInitBookingPage !== 'undefined' ) {\n                jQuery(\".booknetic_appointment\").each( ( i , v ) =>\n                {\n                    window.bookneticInitBookingPage( v );\n                } );\n            } else {\n                \/* Bele yazilmasinin sebebi siteground-optimizer (Speed Optimizer) pluginidir ki, qeribe shekilde bu JS`i goturub oz JS faylina salib run edir ve error partlayir ki, window.bookneticInitBookingPage tapilmadi deye. *\/\n                setTimeout(initBookingPanel, 1000);\n            }\n        }\n\n        if( document.readyState === 'loading' )\n            document.addEventListener('DOMContentLoaded', initBookingPanel)\n        else\n            initBookingPanel();\n    })();\n<\/script>\n<\/div>\t\t\t\t<\/div>\n\t\t\t\t<\/div>\n\t\t\t\t<div class=\"elementor-element elementor-element-6f7e8fc elementor-widget elementor-widget-text-editor\" data-id=\"6f7e8fc\" data-element_type=\"widget\" data-e-type=\"widget\" data-widget_type=\"text-editor.default\">\n\t\t\t\t<div class=\"elementor-widget-container\">\n\t\t\t\t\t\t\t\t\t<p>Para disfrutar de nuestra bolera, es importante que conozcas nuestras normas y reglamento, los cuales est\u00e1n dise\u00f1ados para que todos vivamos una experiencia divertida y memorable.<\/p>\t\t\t\t\t\t\t\t<\/div>\n\t\t\t\t<\/div>\n\t\t\t\t<div class=\"elementor-element elementor-element-1f8a65b elementor-widget elementor-widget-n-accordion\" data-id=\"1f8a65b\" data-element_type=\"widget\" data-e-type=\"widget\" data-settings=\"{&quot;default_state&quot;:&quot;all_collapsed&quot;,&quot;max_items_expended&quot;:&quot;one&quot;,&quot;n_accordion_animation_duration&quot;:{&quot;unit&quot;:&quot;ms&quot;,&quot;size&quot;:400,&quot;sizes&quot;:[]}}\" data-widget_type=\"nested-accordion.default\">\n\t\t\t\t<div class=\"elementor-widget-container\">\n\t\t\t\t\t\t\t<div class=\"e-n-accordion\" aria-label=\"Accordion. Open links with Enter or Space, close with Escape, and navigate with Arrow Keys\">\n\t\t\t\t\t\t<details id=\"e-n-accordion-item-3300\" class=\"e-n-accordion-item\" >\n\t\t\t\t<summary class=\"e-n-accordion-item-title\" data-accordion-index=\"1\" tabindex=\"0\" aria-expanded=\"false\" aria-controls=\"e-n-accordion-item-3300\" >\n\t\t\t\t\t<span class='e-n-accordion-item-title-header'><div class=\"e-n-accordion-item-title-text\"> NORMAS Y REGLAMENTO <\/div><\/span>\n\t\t\t\t\t\t\t<span class='e-n-accordion-item-title-icon'>\n\t\t\t<span class='e-opened' ><svg aria-hidden=\"true\" class=\"e-font-icon-svg e-fas-minus\" viewBox=\"0 0 448 512\" xmlns=\"http:\/\/www.w3.org\/2000\/svg\"><path d=\"M416 208H32c-17.67 0-32 14.33-32 32v32c0 17.67 14.33 32 32 32h384c17.67 0 32-14.33 32-32v-32c0-17.67-14.33-32-32-32z\"><\/path><\/svg><\/span>\n\t\t\t<span class='e-closed'><svg aria-hidden=\"true\" class=\"e-font-icon-svg e-fas-plus\" viewBox=\"0 0 448 512\" xmlns=\"http:\/\/www.w3.org\/2000\/svg\"><path d=\"M416 208H272V64c0-17.67-14.33-32-32-32h-32c-17.67 0-32 14.33-32 32v144H32c-17.67 0-32 14.33-32 32v32c0 17.67 14.33 32 32 32h144v144c0 17.67 14.33 32 32 32h32c17.67 0 32-14.33 32-32V304h144c17.67 0 32-14.33 32-32v-32c0-17.67-14.33-32-32-32z\"><\/path><\/svg><\/span>\n\t\t<\/span>\n\n\t\t\t\t\t\t<\/summary>\n\t\t\t\t<div role=\"region\" aria-labelledby=\"e-n-accordion-item-3300\" class=\"elementor-element elementor-element-2af4ea4 e-con-full e-flex e-con e-child\" data-id=\"2af4ea4\" data-element_type=\"container\" data-e-type=\"container\">\n\t\t<div role=\"region\" aria-labelledby=\"e-n-accordion-item-3300\" class=\"elementor-element elementor-element-ba5a24d e-flex e-con-boxed e-con e-child\" data-id=\"ba5a24d\" data-element_type=\"container\" data-e-type=\"container\">\n\t\t\t\t\t<div class=\"e-con-inner\">\n\t\t\t\t<div class=\"elementor-element elementor-element-d87f7f2 elementor-widget elementor-widget-text-editor\" data-id=\"d87f7f2\" data-element_type=\"widget\" data-e-type=\"widget\" data-widget_type=\"text-editor.default\">\n\t\t\t\t<div class=\"elementor-widget-container\">\n\t\t\t\t\t\t\t\t\t<ol><li>Es Obligatorio el uso de calzado el cual debe estar acompa\u00f1ado de medias desechables.<\/li><li>El pago del alquiler de la pista no incluye juzgamiento ni implementaci\u00f3n deportiva.<\/li><li>Est\u00e1 prohibido comer o beber en la zona de lanzamiento o approach; se debe realizar en la zona social de cada pista o en las mesas de atenci\u00f3n.<\/li><li>Es peligroso pisar o adelantarse a la l\u00ednea de falta, la pista est\u00e1 aceitada y el jugador podr\u00eda resbalar. No nos hacemos responsables de las lesiones que esto pueda ocasionar.<\/li><li>SINCELEJO SPORTS BAR &amp; BOWLING no se hace responsable por el da\u00f1o que pueda ocasionar las m\u00e1quinas a las bolas y calzado que el cliente ingrese para su uso personal.<\/li><li>Se debe deslizar las bolas a ras de pista y no lanzarla a la altura y\/o con desmesura.<\/li><li>Se debe esperar que la barredora retire los pines ca\u00eddos tras un lanzamiento y que la m\u00e1quina plante los que reste para realizar el siguiente lanzamiento.<\/li><li>Nunca debe lanzar una bola con la m\u00e1quina apagada.<\/li><li>Est\u00e1 totalmente prohibido, meter la mano, empujar la bola o introducir cualquier objeto por el retorna bolas. En caso de atasco avisar al personal de servicio.<\/li><li>No se permite en la zona de juego jugadores que est\u00e9n en avanzado estado de embriaguez.<\/li><li>No est\u00e1 permitido correr en los pasillos de nuestras instalaciones.<\/li><li>Est\u00e1 prohibido el ingreso de personas en estado de embriaguez o bajo el efecto de sustancias psicoactivas.<\/li><li>Est\u00e1 prohibido el expendio y consumo de bebidas alcoh\u00f3licas a menores de edad.<\/li><li>Este espacio es libre de humo, prohibido fumar y vapear.<\/li><li>No est\u00e1 permitido el ingreso y consumo de alimentos o bebidas que no hayan sido adquiridos en nuestras instalaciones.<\/li><li>Cuide sus objetos personales, SINCELEJO SPORTS BAR &amp; BOWLING no se hace responsable por la p\u00e9rdida de los mismos.<\/li><li>Por seguridad de todos se proh\u00edbe el ingreso de armas de fuego o cortopunzantes.<\/li><li>SINCELEJO SPORTS BAR &amp; BOWLING no se har\u00e1 responsable ni civil ni penalmente por lesiones o accidentes que sufran las personas que hacen uso libre del escenario deportivo.<\/li><li>Para atender su reserva debe acercarse a las instalaciones 30 minutos antes de la hora de su reserva.<\/li><li>Si usted no tiene en cuenta estas normas b\u00e1sicas, el personal administrativo de SINCELEJO SPORTS BAR &amp; BOWLING podr\u00e1 solicitarse que se retire de nuestras instalaciones cuando lo estime conveniente.<\/li><\/ol>\t\t\t\t\t\t\t\t<\/div>\n\t\t\t\t<\/div>\n\t\t\t\t\t<\/div>\n\t\t\t\t<\/div>\n\t\t\t\t<\/div>\n\t\t\t\t\t<\/details>\n\t\t\t\t\t<\/div>\n\t\t\t\t\t\t<\/div>\n\t\t\t\t<\/div>\n\t\t\t\t\t<\/div>\n\t\t\t\t<\/div>\n\t\t\t\t<\/div>\n\t\t","protected":false},"excerpt":{"rendered":"<p>Si est\u00e1s aqu\u00ed es porque est\u00e1s listo para disfrutar de Una nueva forma de divertirse en Sincelejo Sports Bar &amp; Bowling. Para jugar en nuestras pistas, debes hacer tu reserva a trav\u00e9s de nuestro portal. \u00a1Bienvenido! Para disfrutar de nuestra bolera, es importante que conozcas nuestras normas y reglamento, los cuales est\u00e1n dise\u00f1ados para que [&hellip;]<\/p>\n","protected":false},"author":1,"featured_media":0,"parent":0,"menu_order":0,"comment_status":"closed","ping_status":"closed","template":"elementor_canvas","meta":{"footnotes":""},"class_list":["post-9","page","type-page","status-publish","hentry"],"_links":{"self":[{"href":"https:\/\/reservas.ssbyb.com\/index.php\/wp-json\/wp\/v2\/pages\/9"}],"collection":[{"href":"https:\/\/reservas.ssbyb.com\/index.php\/wp-json\/wp\/v2\/pages"}],"about":[{"href":"https:\/\/reservas.ssbyb.com\/index.php\/wp-json\/wp\/v2\/types\/page"}],"author":[{"embeddable":true,"href":"https:\/\/reservas.ssbyb.com\/index.php\/wp-json\/wp\/v2\/users\/1"}],"replies":[{"embeddable":true,"href":"https:\/\/reservas.ssbyb.com\/index.php\/wp-json\/wp\/v2\/comments?post=9"}],"version-history":[{"count":46,"href":"https:\/\/reservas.ssbyb.com\/index.php\/wp-json\/wp\/v2\/pages\/9\/revisions"}],"predecessor-version":[{"id":71,"href":"https:\/\/reservas.ssbyb.com\/index.php\/wp-json\/wp\/v2\/pages\/9\/revisions\/71"}],"wp:attachment":[{"href":"https:\/\/reservas.ssbyb.com\/index.php\/wp-json\/wp\/v2\/media?parent=9"}],"curies":[{"name":"wp","href":"https:\/\/api.w.org\/{rel}","templated":true}]}}